{"id":1252,"date":"2022-05-09T16:31:19","date_gmt":"2022-05-09T14:31:19","guid":{"rendered":"https:\/\/asvsd.fr\/?page_id=1252"},"modified":"2022-08-08T11:01:00","modified_gmt":"2022-08-08T09:01:00","slug":"conditions-dadhesion","status":"publish","type":"page","link":"https:\/\/asvsd.fr\/index.php\/conditions-dadhesion\/","title":{"rendered":"Conditions d&rsquo;adh\u00e9sion"},"content":{"rendered":"\t\t<div data-elementor-type=\"wp-page\" data-elementor-id=\"1252\" class=\"elementor elementor-1252\">\n\t\t\t\t\t\t<section class=\"elementor-section elementor-top-section elementor-element elementor-element-cfb6b71 elementor-section-stretched elementor-section-boxed elementor-section-height-default elementor-section-height-default\" data-id=\"cfb6b71\" data-element_type=\"section\" data-e-type=\"section\" data-settings=\"{&quot;stretch_section&quot;:&quot;section-stretched&quot;,&quot;background_background&quot;:&quot;classic&quot;}\">\n\t\t\t\t\t\t<div class=\"elementor-container elementor-column-gap-default\">\n\t\t\t\t\t<div class=\"elementor-column elementor-col-100 elementor-top-column elementor-element elementor-element-e7dd43d\" data-id=\"e7dd43d\" data-element_type=\"column\" data-e-type=\"column\" data-settings=\"{&quot;background_background&quot;:&quot;classic&quot;}\">\n\t\t\t<div class=\"elementor-widget-wrap elementor-element-populated\">\n\t\t\t\t\t\t<div class=\"elementor-element elementor-element-2cede80 elementor-widget-divider--view-line_text elementor-widget-divider--element-align-right elementor-widget elementor-widget-divider\" data-id=\"2cede80\" data-element_type=\"widget\" data-e-type=\"widget\" data-widget_type=\"divider.default\">\n\t\t\t\t<div class=\"elementor-widget-container\">\n\t\t\t\t\t\t\t<div class=\"elementor-divider\">\n\t\t\t<span class=\"elementor-divider-separator\">\n\t\t\t\t\t\t\t<span class=\"elementor-divider__text elementor-divider__element\">\n\t\t\t\tInformations\t\t\t\t<\/span>\n\t\t\t\t\t\t<\/span>\n\t\t<\/div>\n\t\t\t\t\t\t<\/div>\n\t\t\t\t<\/div>\n\t\t\t\t<div class=\"elementor-element elementor-element-7a27536 elementor-widget elementor-widget-heading\" data-id=\"7a27536\" data-element_type=\"widget\" data-e-type=\"widget\" data-widget_type=\"heading.default\">\n\t\t\t\t<div class=\"elementor-widget-container\">\n\t\t\t\t\t<h2 class=\"elementor-heading-title elementor-size-default\">Condition d'adh\u00e9sion<\/h2>\t\t\t\t<\/div>\n\t\t\t\t<\/div>\n\t\t\t\t\t<\/div>\n\t\t<\/div>\n\t\t\t\t\t<\/div>\n\t\t<\/section>\n\t\t\t\t<section class=\"elementor-section elementor-top-section elementor-element elementor-element-28d8f8d elementor-section-boxed elementor-section-height-default elementor-section-height-default\" data-id=\"28d8f8d\" data-element_type=\"section\" data-e-type=\"section\">\n\t\t\t\t\t\t<div class=\"elementor-container elementor-column-gap-default\">\n\t\t\t\t\t<div class=\"elementor-column elementor-col-100 elementor-top-column elementor-element elementor-element-5c883d6\" data-id=\"5c883d6\" data-element_type=\"column\" data-e-type=\"column\">\n\t\t\t<div class=\"elementor-widget-wrap elementor-element-populated\">\n\t\t\t\t\t\t<div class=\"elementor-element elementor-element-f697915 elementor-widget elementor-widget-text-editor\" data-id=\"f697915\" data-element_type=\"widget\" data-e-type=\"widget\" data-widget_type=\"text-editor.default\">\n\t\t\t\t<div class=\"elementor-widget-container\">\n\t\t\t\t\t\t\t\t\t<h3 style=\"text-align: center;\"><strong>Questionnaire de sant\u00e9<\/strong><\/h3><p class=\"western\" style=\"margin-bottom: 0cm; background: transparent;\" align=\"justify\"><span style=\"font-size: 12pt;\">Conform\u00e9ment \u00e0 la loi n\u00b0 2022-296 du 2 mars 2022 visant \u00e0 d\u00e9mocratiser le sport en France, au d\u00e9cret n\u00b0 2021-564 du 7 mai 2021 relatif aux modalit\u00e9s d\u2019obtention et de renouvellement d\u2019une licence d\u2019une f\u00e9d\u00e9ration sportive, \u00e0 l\u2019arr\u00eat\u00e9 du 7 mai 2021 fixant le contenu du questionnaire relatif \u00e0 l\u2019\u00e9tat de sant\u00e9 du sportif mineur, le Comit\u00e9 Directeur de la f\u00e9d\u00e9ration sur proposition de la commission m\u00e9dicale de la FFEPGV a supprim\u00e9 l\u2019obligation de pr\u00e9senter un certificat m\u00e9dical au profit du questionnaire de sant\u00e9. A compter du 1<sup>er<\/sup> septembre 2022, tous les licenci\u00e9s devront remplir un questionnaire de sant\u00e9 et attester aupr\u00e8s du club que chacune des rubriques du questionnaire donne lieu \u00e0 une r\u00e9ponse n\u00e9gative. A d\u00e9faut, ils sont tenus de produire un certificat m\u00e9dical attestant l\u2019absence de contre-indication \u00e0 la pratique du sport, de moins de 6 mois. Le questionnaire de sant\u00e9 est \u00e0 compl\u00e9ter par les nouveaux licenci\u00e9s et par ceux qui renouvellent leur licence.<\/span><\/p><h3 style=\"text-align: center;\"><strong>Assurance<\/strong><\/h3><p style=\"text-align: left;\">Conform\u00e9ment \u00e0 l\u2019article L.321-1 du Code du sport, la FEPGV a conclu un contrat d\u2019assurance avec Groupama qui couvre les associations et les adh\u00e9rents pour l\u2019ensemble des activit\u00e9s mises en \u0153uvre dans la saison en cours. Par ailleurs, pour un montant de 10 euros, le licenci\u00e9 a la possibilit\u00e9 de souscrire \u00e0 une assurance compl\u00e9mentaire venant en plus de l\u2019assurance de base pour la saison sportive en cours. L\u2019adh\u00e9rent est inform\u00e9 de l\u2019int\u00e9r\u00eat que pr\u00e9sente la souscription d\u2019une assurance de personne couvrant les dommages corporels auxquels sa pratique sportive peut l\u2019exposer.<\/p><h3 style=\"text-align: center;\"><strong>Participation \u00e0 l\u2019Assembl\u00e9e G\u00e9n\u00e9rale<\/strong><\/h3><p style=\"text-align: left;\"><b><br \/><\/b>L\u2019Association est administr\u00e9e par un Conseil d\u2019Administration et un Bureau.\u00a0Il est important que chacun participa \u00e0 la vie du club notamment par sa pr\u00e9sence \u00e0 l\u2019Assembl\u00e9e\u00a0G\u00e9n\u00e9rale annuelle.<\/p><h3 style=\"text-align: center;\"><strong>Utilisation des donn\u00e9es personnelles<\/strong><\/h3><p style=\"text-align: left;\"><b><br \/><\/b>L\u2019adh\u00e9rent est inform\u00e9 que l\u2019Association et la FFEPGV collectent et utilisent ses donn\u00e9es personnelles dans le cadre de son contrat d\u2019adh\u00e9sion avec l\u2019association et du contr\u00f4le de l\u2019honorabilit\u00e9 lorsqu\u2019il est n\u00e9cessaire. Les donn\u00e9es personnelles de chaque adh\u00e9rent sont utilis\u00e9es \u00e0 des fins de gestion associative, mais \u00e9galement \u00e0 des fins statistiques non-nominatives. Chaque adh\u00e9rent est inform\u00e9 qu\u2019il a un droit d\u2019acc\u00e8s, de modification, d\u2019effacement et de portabilit\u00e9 qu\u2019il peut exercer sur ses donn\u00e9es personnelles. Pour faire valoir ce droit, l\u2019adh\u00e9rent devra envoyer un e-mail \u00e0 l\u2019association \u00e0 l\u2019adresse de la Pr\u00e9sidente (au recto du pr\u00e9sent bulletin).<\/p><h3 style=\"text-align: center;\"><strong>Honorabilit\u00e9 des b\u00e9n\u00e9voles<\/strong><\/h3><p style=\"text-align: left;\"><b><br \/><\/b>A compter de la saison sportive 2020-2021, le Minist\u00e8re des Sports met en place un contr\u00f4le\u00a0syst\u00e9matique de l\u2019honorabilit\u00e9 des animateurs b\u00e9n\u00e9voles et des \u00e9quipes dirigeantes des clubs.\u00a0L\u2019honorabilit\u00e9 correspond \u00e0 l\u2019obligation l\u00e9gale de ne pas avoir fait l\u2019objet d\u2019une condamnation\u00a0p\u00e9nale ou d\u2019une mesure de police administrative pour pouvoir acc\u00e9der \u00e0 une fonction. En cas\u00a0d\u2019acc\u00e8s \u00e0 des fonctions de dirigeant ou d\u2019animateur b\u00e9n\u00e9vole (occasionnel ou r\u00e9gulier), je suis\u00a0inform\u00e9 (e) que les \u00e9l\u00e9ments constitutifs de mon identit\u00e9 seront transmis par la FFEPGV aux\u00a0services de l\u2019\u00c9tat afin qu\u2019un contr\u00f4le automatis\u00e9 de mon honorabilit\u00e9, au sens de l\u2019article\u00a0L.212-9 du Code du sport, soit effectu\u00e9 (consultation du bulletin n\u00b02 et du FIJAIS)<\/p>\t\t\t\t\t\t\t\t<\/div>\n\t\t\t\t<\/div>\n\t\t\t\t\t<\/div>\n\t\t<\/div>\n\t\t\t\t\t<\/div>\n\t\t<\/section>\n\t\t\t\t<\/div>\n\t\t","protected":false},"excerpt":{"rendered":"<p>Informations Condition d&rsquo;adh\u00e9sion Questionnaire de sant\u00e9 Conform\u00e9ment \u00e0 la loi n\u00b0 2022-296 du 2 mars 2022 visant \u00e0 d\u00e9mocratiser le sport en France, au d\u00e9cret n\u00b0 2021-564 du 7 mai 2021 relatif aux modalit\u00e9s d\u2019obtention et de renouvellement d\u2019une licence d\u2019une f\u00e9d\u00e9ration sportive, \u00e0 l\u2019arr\u00eat\u00e9 du 7 mai 2021 fixant le contenu du questionnaire relatif [&hellip;]<\/p>\n","protected":false},"author":1,"featured_media":0,"parent":0,"menu_order":0,"comment_status":"closed","ping_status":"closed","template":"","meta":{"inline_featured_image":false,"footnotes":"","_links_to":"","_links_to_target":""},"class_list":["post-1252","page","type-page","status-publish","hentry"],"yoast_head":"<!-- This site is optimized with the Yoast SEO plugin v27.4 - https:\/\/yoast.com\/product\/yoast-seo-wordpress\/ -->\n<title>Conditions d&#039;adh\u00e9sion - ASVSD<\/title>\n<meta name=\"robots\" content=\"noindex, follow\" \/>\n<meta property=\"og:locale\" content=\"fr_FR\" \/>\n<meta property=\"og:type\" content=\"article\" \/>\n<meta property=\"og:title\" content=\"Conditions d&#039;adh\u00e9sion - ASVSD\" \/>\n<meta property=\"og:description\" content=\"Informations Condition d&rsquo;adh\u00e9sion Questionnaire de sant\u00e9 Conform\u00e9ment \u00e0 la loi n\u00b0 2022-296 du 2 mars 2022 visant \u00e0 d\u00e9mocratiser le sport en France, au d\u00e9cret n\u00b0 2021-564 du 7 mai 2021 relatif aux modalit\u00e9s d\u2019obtention et de renouvellement d\u2019une licence d\u2019une f\u00e9d\u00e9ration sportive, \u00e0 l\u2019arr\u00eat\u00e9 du 7 mai 2021 fixant le contenu du questionnaire relatif [&hellip;]\" \/>\n<meta property=\"og:url\" content=\"https:\/\/asvsd.fr\/index.php\/conditions-dadhesion\/\" \/>\n<meta property=\"og:site_name\" content=\"ASVSD\" \/>\n<meta property=\"article:modified_time\" content=\"2022-08-08T09:01:00+00:00\" \/>\n<meta name=\"twitter:card\" content=\"summary_large_image\" \/>\n<meta name=\"twitter:label1\" content=\"Dur\u00e9e de lecture estim\u00e9e\" \/>\n\t<meta name=\"twitter:data1\" content=\"3 minutes\" \/>\n<script type=\"application\/ld+json\" class=\"yoast-schema-graph\">{\"@context\":\"https:\\\/\\\/schema.org\",\"@graph\":[{\"@type\":\"WebPage\",\"@id\":\"https:\\\/\\\/asvsd.fr\\\/index.php\\\/conditions-dadhesion\\\/\",\"url\":\"https:\\\/\\\/asvsd.fr\\\/index.php\\\/conditions-dadhesion\\\/\",\"name\":\"Conditions d'adh\u00e9sion - ASVSD\",\"isPartOf\":{\"@id\":\"https:\\\/\\\/asvsd.fr\\\/#website\"},\"datePublished\":\"2022-05-09T14:31:19+00:00\",\"dateModified\":\"2022-08-08T09:01:00+00:00\",\"breadcrumb\":{\"@id\":\"https:\\\/\\\/asvsd.fr\\\/index.php\\\/conditions-dadhesion\\\/#breadcrumb\"},\"inLanguage\":\"fr-FR\",\"potentialAction\":[{\"@type\":\"ReadAction\",\"target\":[\"https:\\\/\\\/asvsd.fr\\\/index.php\\\/conditions-dadhesion\\\/\"]}]},{\"@type\":\"BreadcrumbList\",\"@id\":\"https:\\\/\\\/asvsd.fr\\\/index.php\\\/conditions-dadhesion\\\/#breadcrumb\",\"itemListElement\":[{\"@type\":\"ListItem\",\"position\":1,\"name\":\"Accueil\",\"item\":\"https:\\\/\\\/asvsd.fr\\\/\"},{\"@type\":\"ListItem\",\"position\":2,\"name\":\"Conditions d&rsquo;adh\u00e9sion\"}]},{\"@type\":\"WebSite\",\"@id\":\"https:\\\/\\\/asvsd.fr\\\/#website\",\"url\":\"https:\\\/\\\/asvsd.fr\\\/\",\"name\":\"ASVSD\",\"description\":\"Trouvez l&#039;activit\u00e9 faite pour vous\",\"publisher\":{\"@id\":\"https:\\\/\\\/asvsd.fr\\\/#organization\"},\"potentialAction\":[{\"@type\":\"SearchAction\",\"target\":{\"@type\":\"EntryPoint\",\"urlTemplate\":\"https:\\\/\\\/asvsd.fr\\\/?s={search_term_string}\"},\"query-input\":{\"@type\":\"PropertyValueSpecification\",\"valueRequired\":true,\"valueName\":\"search_term_string\"}}],\"inLanguage\":\"fr-FR\"},{\"@type\":\"Organization\",\"@id\":\"https:\\\/\\\/asvsd.fr\\\/#organization\",\"name\":\"ASVSD\",\"url\":\"https:\\\/\\\/asvsd.fr\\\/\",\"logo\":{\"@type\":\"ImageObject\",\"inLanguage\":\"fr-FR\",\"@id\":\"https:\\\/\\\/asvsd.fr\\\/#\\\/schema\\\/logo\\\/image\\\/\",\"url\":\"https:\\\/\\\/asvsd.fr\\\/wp-content\\\/uploads\\\/2022\\\/08\\\/logoofficiel.png\",\"contentUrl\":\"https:\\\/\\\/asvsd.fr\\\/wp-content\\\/uploads\\\/2022\\\/08\\\/logoofficiel.png\",\"width\":393,\"height\":393,\"caption\":\"ASVSD\"},\"image\":{\"@id\":\"https:\\\/\\\/asvsd.fr\\\/#\\\/schema\\\/logo\\\/image\\\/\"}}]}<\/script>\n<!-- \/ Yoast SEO plugin. -->","yoast_head_json":{"title":"Conditions d'adh\u00e9sion - ASVSD","robots":{"index":"noindex","follow":"follow"},"og_locale":"fr_FR","og_type":"article","og_title":"Conditions d'adh\u00e9sion - ASVSD","og_description":"Informations Condition d&rsquo;adh\u00e9sion Questionnaire de sant\u00e9 Conform\u00e9ment \u00e0 la loi n\u00b0 2022-296 du 2 mars 2022 visant \u00e0 d\u00e9mocratiser le sport en France, au d\u00e9cret n\u00b0 2021-564 du 7 mai 2021 relatif aux modalit\u00e9s d\u2019obtention et de renouvellement d\u2019une licence d\u2019une f\u00e9d\u00e9ration sportive, \u00e0 l\u2019arr\u00eat\u00e9 du 7 mai 2021 fixant le contenu du questionnaire relatif [&hellip;]","og_url":"https:\/\/asvsd.fr\/index.php\/conditions-dadhesion\/","og_site_name":"ASVSD","article_modified_time":"2022-08-08T09:01:00+00:00","twitter_card":"summary_large_image","twitter_misc":{"Dur\u00e9e de lecture estim\u00e9e":"3 minutes"},"schema":{"@context":"https:\/\/schema.org","@graph":[{"@type":"WebPage","@id":"https:\/\/asvsd.fr\/index.php\/conditions-dadhesion\/","url":"https:\/\/asvsd.fr\/index.php\/conditions-dadhesion\/","name":"Conditions d'adh\u00e9sion - ASVSD","isPartOf":{"@id":"https:\/\/asvsd.fr\/#website"},"datePublished":"2022-05-09T14:31:19+00:00","dateModified":"2022-08-08T09:01:00+00:00","breadcrumb":{"@id":"https:\/\/asvsd.fr\/index.php\/conditions-dadhesion\/#breadcrumb"},"inLanguage":"fr-FR","potentialAction":[{"@type":"ReadAction","target":["https:\/\/asvsd.fr\/index.php\/conditions-dadhesion\/"]}]},{"@type":"BreadcrumbList","@id":"https:\/\/asvsd.fr\/index.php\/conditions-dadhesion\/#breadcrumb","itemListElement":[{"@type":"ListItem","position":1,"name":"Accueil","item":"https:\/\/asvsd.fr\/"},{"@type":"ListItem","position":2,"name":"Conditions d&rsquo;adh\u00e9sion"}]},{"@type":"WebSite","@id":"https:\/\/asvsd.fr\/#website","url":"https:\/\/asvsd.fr\/","name":"ASVSD","description":"Trouvez l&#039;activit\u00e9 faite pour vous","publisher":{"@id":"https:\/\/asvsd.fr\/#organization"},"potentialAction":[{"@type":"SearchAction","target":{"@type":"EntryPoint","urlTemplate":"https:\/\/asvsd.fr\/?s={search_term_string}"},"query-input":{"@type":"PropertyValueSpecification","valueRequired":true,"valueName":"search_term_string"}}],"inLanguage":"fr-FR"},{"@type":"Organization","@id":"https:\/\/asvsd.fr\/#organization","name":"ASVSD","url":"https:\/\/asvsd.fr\/","logo":{"@type":"ImageObject","inLanguage":"fr-FR","@id":"https:\/\/asvsd.fr\/#\/schema\/logo\/image\/","url":"https:\/\/asvsd.fr\/wp-content\/uploads\/2022\/08\/logoofficiel.png","contentUrl":"https:\/\/asvsd.fr\/wp-content\/uploads\/2022\/08\/logoofficiel.png","width":393,"height":393,"caption":"ASVSD"},"image":{"@id":"https:\/\/asvsd.fr\/#\/schema\/logo\/image\/"}}]}},"_links":{"self":[{"href":"https:\/\/asvsd.fr\/index.php\/wp-json\/wp\/v2\/pages\/1252","targetHints":{"allow":["GET"]}}],"collection":[{"href":"https:\/\/asvsd.fr\/index.php\/wp-json\/wp\/v2\/pages"}],"about":[{"href":"https:\/\/asvsd.fr\/index.php\/wp-json\/wp\/v2\/types\/page"}],"author":[{"embeddable":true,"href":"https:\/\/asvsd.fr\/index.php\/wp-json\/wp\/v2\/users\/1"}],"replies":[{"embeddable":true,"href":"https:\/\/asvsd.fr\/index.php\/wp-json\/wp\/v2\/comments?post=1252"}],"version-history":[{"count":17,"href":"https:\/\/asvsd.fr\/index.php\/wp-json\/wp\/v2\/pages\/1252\/revisions"}],"predecessor-version":[{"id":1530,"href":"https:\/\/asvsd.fr\/index.php\/wp-json\/wp\/v2\/pages\/1252\/revisions\/1530"}],"wp:attachment":[{"href":"https:\/\/asvsd.fr\/index.php\/wp-json\/wp\/v2\/media?parent=1252"}],"curies":[{"name":"wp","href":"https:\/\/api.w.org\/{rel}","templated":true}]}}